{"id":13,"date":"2024-01-12T14:17:46","date_gmt":"2024-01-12T13:17:46","guid":{"rendered":"https:\/\/galabau-oeztokac.de\/?page_id=13"},"modified":"2024-01-13T00:28:24","modified_gmt":"2024-01-12T23:28:24","slug":"unternehmen","status":"publish","type":"page","link":"https:\/\/galabau-oeztokac.de\/index.php\/unternehmen\/","title":{"rendered":"Unternehmen"},"content":{"rendered":"<div data-colibri-id=\"13-c1\" class=\"style-323 style-local-13-c1 position-relative\">\n  <!---->\n  <div data-colibri-component=\"section\" data-colibri-id=\"13-c2\" id=\"about\" class=\"h-section h-section-global-spacing d-flex align-items-lg-center align-items-md-center align-items-center style-328 style-local-13-c2 position-relative\">\n    <!---->\n    <!---->\n    <div class=\"h-section-grid-container h-section-boxed-container\">\n      <!---->\n      <div data-colibri-id=\"13-c3\" class=\"h-row-container gutters-row-lg-2 gutters-row-md-2 gutters-row-2 gutters-row-v-lg-2 gutters-row-v-md-2 gutters-row-v-2 style-329 style-local-13-c3 position-relative\">\n        <!---->\n        <div class=\"h-row justify-content-lg-center justify-content-md-center justify-content-center align-items-lg-stretch align-items-md-stretch align-items-stretch gutters-col-lg-2 gutters-col-md-2 gutters-col-2 gutters-col-v-lg-2 gutters-col-v-md-2 gutters-col-v-2\">\n          <!---->\n          <div class=\"h-column h-column-container d-flex h-col-lg-auto h-col-md-auto h-col-auto style-330-outer style-local-13-c4-outer\">\n            <div data-colibri-id=\"13-c4\" class=\"d-flex h-flex-basis h-column__inner h-px-lg-2 h-px-md-2 h-px-2 v-inner-lg-2 v-inner-md-2 v-inner-2 style-330 style-local-13-c4 position-relative\">\n              <!---->\n              <!---->\n              <div class=\"w-100 h-y-container h-column__content h-column__v-align flex-basis-100 align-self-lg-center align-self-md-center align-self-center\">\n                <!---->\n                <div data-colibri-id=\"13-c5\" class=\"h-global-transition-all h-heading style-332 style-local-13-c5 position-relative h-element\">\n                  <!---->\n                  <div class=\"h-heading__outer style-332 style-local-13-c5\">\n                    <!---->\n                    <!---->\n                    <h2 class=\"\">Jahrelange Erfahrung im Bereich Gartenbau und Gartengestaltung<\/h2>\n                  <\/div>\n                <\/div>\n                <div data-colibri-id=\"13-c6\" class=\"h-text h-text-component style-333 style-local-13-c6 position-relative h-element\">\n                  <!---->\n                  <!---->\n                  <div class=\"\">\n                    <p>Unser engagiertes Team von Landschaftsarchitekten, G\u00e4rtnern und Handwerkern steht bereit, um Ihre individuellen Gartenw\u00fcnsche in die Realit\u00e4t umzusetzen. Wir verstehen, dass Ihr Garten mehr ist als nur ein Ort im Freien \u2013 er ist eine\n                      Erweiterung Ihres Lebensraums, eine Quelle der Entspannung und ein Ort, an dem Erinnerungen geschaffen werden. Genau deshalb legen wir gro\u00dfen Wert darauf, nicht nur G\u00e4rten zu gestalten, sondern Lebensr\u00e4ume zu schaffen, die Ihren\n                      pers\u00f6nlichen Stil und Ihre Bed\u00fcrfnisse widerspiegeln. <\/p>\n                    <p>Unsere umfassenden Leistungen umfassen alle Aspekte des Gartenbaus und der Gartengestaltung. Von der Planung und Anlage neuer G\u00e4rten \u00fcber die Auswahl von Pflanzen und Materialien bis hin zur professionellen Pflege und Instandhaltung\n                      \u2013 wir begleiten Sie in jedem Schritt und sorgen daf\u00fcr, dass Ihr Garten zu jeder Jahreszeit in voller Pracht erstrahlt<\/p>\n                  <\/div>\n                <\/div>\n                <div data-colibri-id=\"13-c7\" class=\"h-x-container style-334 style-local-13-c7 position-relative h-element\">\n                  <!---->\n                  <div class=\"h-x-container-inner style-dynamic-13-c7-group style-334-spacing style-local-13-c7-spacing\"><span class=\"h-button__outer style-335-outer style-local-13-c8-outer d-inline-flex h-element\"><a h-use-smooth-scroll=\"true\" href=\"https:\/\/galabau-oeztokac.de\/index.php\/kontakt\/\"  data-colibri-id=\"13-c8\" class=\"d-flex w-100 align-items-center h-button justify-content-lg-center justify-content-md-center justify-content-center style-335 style-local-13-c8 position-relative\"><!----><!----> <span>Kontakt buchen<\/span><\/a>\n                    <\/span>\n                  <\/div>\n                <\/div>\n              <\/div>\n            <\/div>\n          <\/div>\n          <div class=\"h-column h-column-container d-flex h-col-lg-auto h-col-md-auto h-col-auto style-336-outer style-local-13-c9-outer\">\n            <div data-colibri-id=\"13-c9\" class=\"d-flex h-flex-basis h-column__inner h-px-lg-2 h-px-md-2 h-px-2 v-inner-lg-2 v-inner-md-2 v-inner-2 style-336 style-local-13-c9 position-relative\">\n              <!---->\n              <!---->\n              <div class=\"w-100 h-y-container h-column__content h-column__v-align flex-basis-100 align-self-lg-center align-self-md-center align-self-center\">\n                <!---->\n                <div data-colibri-id=\"13-c10\" class=\"d-block style-337 style-local-13-c10 position-relative h-element\">\n                  <!---->\n                  <div class=\"h-image__frame-container-outer\">\n                    <div class=\"h-image__frame-container\">\n                      <!---->\n                      <!---->\n                      <img fetchpriority=\"high\" decoding=\"async\" width=\"2557\" height=\"1917\" src=\"http:\/\/galabau-oeztokac.de\/wp-content\/uploads\/2024\/01\/cropped-IMG_5495-scaled-1.jpg\" class=\"wp-image-181 style-337-image style-local-13-c10-image\" alt=\"\" srcset=\"https:\/\/galabau-oeztokac.de\/wp-content\/uploads\/2024\/01\/cropped-IMG_5495-scaled-1.jpg 2557w, https:\/\/galabau-oeztokac.de\/wp-content\/uploads\/2024\/01\/cropped-IMG_5495-scaled-1-300x225.jpg 300w, https:\/\/galabau-oeztokac.de\/wp-content\/uploads\/2024\/01\/cropped-IMG_5495-scaled-1-1024x768.jpg 1024w, https:\/\/galabau-oeztokac.de\/wp-content\/uploads\/2024\/01\/cropped-IMG_5495-scaled-1-768x576.jpg 768w, https:\/\/galabau-oeztokac.de\/wp-content\/uploads\/2024\/01\/cropped-IMG_5495-scaled-1-1536x1152.jpg 1536w, https:\/\/galabau-oeztokac.de\/wp-content\/uploads\/2024\/01\/cropped-IMG_5495-scaled-1-2048x1535.jpg 2048w\" sizes=\"(max-width: 2557px) 100vw, 2557px\" \/>\n                      <div class=\"h-image__frame h-hide-sm style-337-frameImage style-local-13-c10-frameImage\"><\/div>\n                    <\/div>\n                  <\/div>\n                <\/div>\n              <\/div>\n            <\/div>\n          <\/div>\n        <\/div>\n      <\/div>\n    <\/div>\n  <\/div>\n<\/div>","protected":false},"excerpt":{"rendered":"<p>Jahrelange Erfahrung im Bereich Gartenbau und Gartengestaltung Unser engagiertes Team von Landschaftsarchitekten, G\u00e4rtnern und Handwerkern steht bereit, um Ihre individuellen Gartenw\u00fcnsche in die Realit\u00e4t umzusetzen. Wir verstehen, dass Ihr Garten mehr ist als nur ein Ort im Freien \u2013 er ist eine Erweiterung Ihres Lebensraums, eine Quelle der Entspannung und ein Ort, an dem Erinnerungen [&hellip;]<\/p>\n","protected":false},"author":1,"featured_media":0,"parent":0,"menu_order":0,"comment_status":"closed","ping_status":"closed","template":"page-templates\/full-width-page.php","meta":{"om_disable_all_campaigns":false,"_monsterinsights_skip_tracking":false,"_monsterinsights_sitenote_active":false,"_monsterinsights_sitenote_note":"","_monsterinsights_sitenote_category":0,"footnotes":""},"aioseo_notices":[],"_links":{"self":[{"href":"https:\/\/galabau-oeztokac.de\/index.php\/wp-json\/wp\/v2\/pages\/13"}],"collection":[{"href":"https:\/\/galabau-oeztokac.de\/index.php\/wp-json\/wp\/v2\/pages"}],"about":[{"href":"https:\/\/galabau-oeztokac.de\/index.php\/wp-json\/wp\/v2\/types\/page"}],"author":[{"embeddable":true,"href":"https:\/\/galabau-oeztokac.de\/index.php\/wp-json\/wp\/v2\/users\/1"}],"replies":[{"embeddable":true,"href":"https:\/\/galabau-oeztokac.de\/index.php\/wp-json\/wp\/v2\/comments?post=13"}],"version-history":[{"count":3,"href":"https:\/\/galabau-oeztokac.de\/index.php\/wp-json\/wp\/v2\/pages\/13\/revisions"}],"predecessor-version":[{"id":360,"href":"https:\/\/galabau-oeztokac.de\/index.php\/wp-json\/wp\/v2\/pages\/13\/revisions\/360"}],"wp:attachment":[{"href":"https:\/\/galabau-oeztokac.de\/index.php\/wp-json\/wp\/v2\/media?parent=13"}],"curies":[{"name":"wp","href":"https:\/\/api.w.org\/{rel}","templated":true}]}}