{"id":16,"date":"2024-01-12T14:17:46","date_gmt":"2024-01-12T13:17:46","guid":{"rendered":"https:\/\/galabau-oeztokac.de\/?page_id=16"},"modified":"2024-01-12T16:23:28","modified_gmt":"2024-01-12T15:23:28","slug":"referenzen","status":"publish","type":"page","link":"https:\/\/galabau-oeztokac.de\/index.php\/referenzen\/","title":{"rendered":"Referenzen"},"content":{"rendered":"<div data-colibri-id=\"16-c1\" class=\"style-377 style-local-16-c1 position-relative\">\n  <!---->\n  <div data-colibri-component=\"section\" data-colibri-id=\"16-c9\" id=\"testimonials\" class=\"h-section h-section-global-spacing d-flex align-items-lg-center align-items-md-center align-items-center style-386 style-local-16-c9 position-relative\">\n    <!---->\n    <!---->\n    <div class=\"h-section-grid-container h-section-boxed-container\">\n      <div data-colibri-id=\"16-c29\" class=\"h-row-container gutters-row-lg-2 gutters-row-md-2 gutters-row-0 gutters-row-v-lg-2 gutters-row-v-md-2 gutters-row-v-2 style-394 style-local-16-c29 position-relative\">\n        <!---->\n        <div class=\"h-row justify-content-lg-center justify-content-md-center justify-content-center align-items-lg-stretch align-items-md-stretch align-items-stretch gutters-col-lg-2 gutters-col-md-2 gutters-col-0 gutters-col-v-lg-2 gutters-col-v-md-2 gutters-col-v-2\">\n          <!---->\n          <div class=\"h-column h-column-container d-flex h-col-lg-auto h-col-md-auto h-col-auto style-395-outer style-local-16-c30-outer\">\n            <div data-colibri-id=\"16-c30\" class=\"d-flex h-flex-basis h-column__inner h-px-lg-2 h-px-md-2 h-px-2 v-inner-lg-2 v-inner-md-2 v-inner-2 style-395 style-local-16-c30 position-relative\">\n              <!---->\n              <!---->\n              <div class=\"w-100 h-y-container h-column__content h-column__v-align flex-basis-100 align-self-lg-start align-self-md-start align-self-start\">\n                <!---->\n                <div data-colibri-id=\"16-c31\" class=\"h-global-transition-all h-heading style-396 style-local-16-c31 position-relative h-element\">\n                  <!---->\n                  <div class=\"h-heading__outer style-396 style-local-16-c31\">\n                    <!---->\n                    <!---->\n                    <h2 class=\"\">Unsere Referenzen<\/h2>\n                  <\/div>\n                <\/div>\n                <div data-colibri-id=\"16-c32\" class=\"h-lead h-text h-text-component style-397 style-local-16-c32 position-relative h-element\">\n                  <!---->\n                  <!---->\n                  <div class=\"\">\n                    <p>Das sagen unsere Kunden \u00fcber unsere Arbeit:<\/p>\n                  <\/div>\n                <\/div>\n              <\/div>\n            <\/div>\n          <\/div>\n        <\/div>\n      <\/div>\n      <div data-colibri-id=\"16-c10\" class=\"h-row-container gutters-row-lg-2 gutters-row-md-2 gutters-row-0 gutters-row-v-lg-2 gutters-row-v-md-2 gutters-row-v-2 style-387 style-local-16-c10 position-relative\">\n        <!---->\n        <div class=\"h-row justify-content-lg-center justify-content-md-center justify-content-center align-items-lg-stretch align-items-md-stretch align-items-stretch gutters-col-lg-2 gutters-col-md-2 gutters-col-0 gutters-col-v-lg-2 gutters-col-v-md-2 gutters-col-v-2\">\n          <!---->\n          <div class=\"h-column h-column-container d-flex h-col-lg-4 h-col-md-6 h-col-12 style-388-outer style-local-16-c11-outer\">\n            <div data-colibri-id=\"16-c11\" class=\"d-flex h-flex-basis h-column__inner h-px-lg-3 h-px-md-3 h-px-3 v-inner-lg-3 v-inner-md-3 v-inner-3 style-388 style-local-16-c11 position-relative\">\n              <!---->\n              <!---->\n              <div class=\"w-100 h-y-container h-column__content h-column__v-align flex-basis-100 align-self-lg-start align-self-md-start align-self-start\">\n                <!---->\n                <div data-colibri-id=\"16-c13\" class=\"h-text h-text-component style-390 style-local-16-c13 position-relative h-element\">\n                  <!---->\n                  <!---->\n                  <div class=\"\">\n                    <p><span style=\"color: rgb(49, 49, 51); font-family: &quot;Work Sans&quot;, &quot;Helvetica Neue&quot;, Arial, sans-serif; font-size: 16px; font-weight: 400;\">Alles Super, Auftrag schneller ausgef\u00fchrt als in der vereinbarten Zeit, Arbeiten sehr sauber und fachm\u00e4nnisch, nettes Team W\u00fcrde ich nochmal nehmen\ufeff\ufeff<\/span><\/p>\n                    <p>\n                      <br>\n                    <\/p>\n                    <p>\n                      <br>\n                    <\/p>\n                  <\/div>\n                <\/div>\n                <div data-colibri-id=\"16-c14\" class=\"d-block style-391 style-local-16-c14 position-relative h-element\">\n                  <!---->\n                  <div class=\"h-image__frame-container-outer\">\n                    <div class=\"h-image__frame-container\">\n                      <!---->\n                      <!---->\n                      <img fetchpriority=\"high\" decoding=\"async\" width=\"540\" height=\"540\" src=\"http:\/\/galabau-oeztokac.de\/wp-content\/uploads\/2024\/01\/cropped-Profilbild-ananym-500x500-1.webp\" class=\"wp-image-199 style-391-image style-local-16-c14-image\" alt=\"\" srcset=\"https:\/\/galabau-oeztokac.de\/wp-content\/uploads\/2024\/01\/cropped-Profilbild-ananym-500x500-1.webp 540w, https:\/\/galabau-oeztokac.de\/wp-content\/uploads\/2024\/01\/cropped-Profilbild-ananym-500x500-1-300x300.webp 300w, https:\/\/galabau-oeztokac.de\/wp-content\/uploads\/2024\/01\/cropped-Profilbild-ananym-500x500-1-150x150.webp 150w\" sizes=\"(max-width: 540px) 100vw, 540px\" \/>\n                      <div class=\"h-image__frame h-hide-lg h-hide-md h-hide-sm style-391-frameImage style-local-16-c14-frameImage\"><\/div>\n                    <\/div>\n                  <\/div>\n                <\/div>\n                <div data-colibri-id=\"16-c15\" class=\"h-global-transition-all h-heading style-392 style-local-16-c15 position-relative h-element\">\n                  <!---->\n                  <div class=\"h-heading__outer style-392 style-local-16-c15\">\n                    <!---->\n                    <!---->\n                    <h5 class=\"\">Helmut, R\u00fcsselsheim am Main<\/h5>\n                  <\/div>\n                <\/div>\n              <\/div>\n            <\/div>\n          <\/div>\n          <div class=\"h-column h-column-container d-flex h-col-lg-4 h-col-md-6 h-col-12 style-388-outer style-local-16-c17-outer\">\n            <div data-colibri-id=\"16-c17\" class=\"d-flex h-flex-basis h-column__inner h-px-lg-3 h-px-md-3 h-px-3 v-inner-lg-3 v-inner-md-3 v-inner-3 style-388 style-local-16-c17 position-relative\">\n              <!---->\n              <!---->\n              <div class=\"w-100 h-y-container h-column__content h-column__v-align flex-basis-100 align-self-lg-start align-self-md-start align-self-start\">\n                <!---->\n                <div data-colibri-id=\"16-c19\" class=\"h-text h-text-component style-390 style-local-16-c19 position-relative h-element\">\n                  <!---->\n                  <!---->\n                  <div class=\"\">\n                    <p><span style=\"font-weight: 400; font-size: 16px; font-family: &quot;Work Sans&quot;, &quot;Helvetica Neue&quot;, Arial, sans-serif; color: rgb(49, 49, 51);\">Bin sehr zufrieden alles wurde schnell und sachkundig erledigt. Herr \u00d6ztokac ist sehr freundlich und respektvoll alle Arbeiten wurden zu meiner vollsten Zufriedenheit erledigt. Der Gerten sowie Nachbargrundst\u00fcck wurden in einem einwandfreiem Zustand hinterlassen. <\/span><\/p>\n                  <\/div>\n                <\/div>\n                <div data-colibri-id=\"16-c20\" class=\"d-block style-391 style-local-16-c20 position-relative h-element\">\n                  <!---->\n                  <div class=\"h-image__frame-container-outer\">\n                    <div class=\"h-image__frame-container\">\n                      <!---->\n                      <!---->\n                      <img decoding=\"async\" width=\"540\" height=\"540\" src=\"http:\/\/galabau-oeztokac.de\/wp-content\/uploads\/2024\/01\/cropped-cropped-Profilbild-ananym-500x500-1.webp\" class=\"wp-image-200 style-391-image style-local-16-c20-image\" alt=\"\" srcset=\"https:\/\/galabau-oeztokac.de\/wp-content\/uploads\/2024\/01\/cropped-cropped-Profilbild-ananym-500x500-1.webp 540w, https:\/\/galabau-oeztokac.de\/wp-content\/uploads\/2024\/01\/cropped-cropped-Profilbild-ananym-500x500-1-300x300.webp 300w, https:\/\/galabau-oeztokac.de\/wp-content\/uploads\/2024\/01\/cropped-cropped-Profilbild-ananym-500x500-1-150x150.webp 150w\" sizes=\"(max-width: 540px) 100vw, 540px\" \/>\n                      <div class=\"h-image__frame h-hide-lg h-hide-md h-hide-sm style-391-frameImage style-local-16-c20-frameImage\"><\/div>\n                    <\/div>\n                  <\/div>\n                <\/div>\n                <div data-colibri-id=\"16-c21\" class=\"h-global-transition-all h-heading style-392 style-local-16-c21 position-relative h-element\">\n                  <!---->\n                  <div class=\"h-heading__outer style-392 style-local-16-c21\">\n                    <!---->\n                    <!---->\n                    <h5 class=\"\">Helene, Frankfurt am Main<\/h5>\n                  <\/div>\n                <\/div>\n              <\/div>\n            <\/div>\n          <\/div>\n          <div class=\"h-column h-column-container d-flex h-col-lg-4 h-col-md-6 h-col-12 style-388-outer style-local-16-c23-outer\">\n            <div data-colibri-id=\"16-c23\" class=\"d-flex h-flex-basis h-column__inner h-px-lg-3 h-px-md-3 h-px-3 v-inner-lg-3 v-inner-md-3 v-inner-3 style-388 style-local-16-c23 position-relative\">\n              <!---->\n              <!---->\n              <div class=\"w-100 h-y-container h-column__content h-column__v-align flex-basis-100 align-self-lg-start align-self-md-start align-self-start\">\n                <!---->\n                <div data-colibri-id=\"16-c25\" class=\"h-text h-text-component style-390 style-local-16-c25 position-relative h-element\">\n                  <!---->\n                  <!---->\n                  <div class=\"\">\n                    <p><span style=\"color: rgb(49, 49, 51); font-family: &quot;Work Sans&quot;, &quot;Helvetica Neue&quot;, Arial, sans-serif; font-size: 16px; font-weight: 400;\">Herr \u00d6ztokac war sehr zuverl\u00e4ssig und professionell. Die Hecke wurde geschnitten und begradigt, und obwohl Herr \u00d6ztokac einen spontanen Ausfall einer seiner Mitarbeiter hatte, sorgte er f\u00fcr Ersatz und f\u00fchrte den Auftrag sehr gut aus.<\/span><\/p>\n                    <p>\n                      <br>\n                    <\/p>\n                  <\/div>\n                <\/div>\n                <div data-colibri-id=\"16-c26\" class=\"d-block style-391 style-local-16-c26 position-relative h-element\">\n                  <!---->\n                  <div class=\"h-image__frame-container-outer\">\n                    <div class=\"h-image__frame-container\">\n                      <!---->\n                      <!---->\n                      <img decoding=\"async\" width=\"540\" height=\"540\" src=\"http:\/\/galabau-oeztokac.de\/wp-content\/uploads\/2024\/01\/cropped-cropped-cropped-Profilbild-ananym-500x500-1.webp\" class=\"wp-image-201 style-391-image style-local-16-c26-image\" alt=\"\" srcset=\"https:\/\/galabau-oeztokac.de\/wp-content\/uploads\/2024\/01\/cropped-cropped-cropped-Profilbild-ananym-500x500-1.webp 540w, https:\/\/galabau-oeztokac.de\/wp-content\/uploads\/2024\/01\/cropped-cropped-cropped-Profilbild-ananym-500x500-1-300x300.webp 300w, https:\/\/galabau-oeztokac.de\/wp-content\/uploads\/2024\/01\/cropped-cropped-cropped-Profilbild-ananym-500x500-1-150x150.webp 150w\" sizes=\"(max-width: 540px) 100vw, 540px\" \/>\n                      <div class=\"h-image__frame h-hide-lg h-hide-md h-hide-sm style-391-frameImage style-local-16-c26-frameImage\"><\/div>\n                    <\/div>\n                  <\/div>\n                <\/div>\n                <div data-colibri-id=\"16-c27\" class=\"h-global-transition-all h-heading style-392 style-local-16-c27 position-relative h-element\">\n                  <!---->\n                  <div class=\"h-heading__outer style-392 style-local-16-c27\">\n                    <!---->\n                    <!---->\n                    <h5 class=\"\">Marike, Hattersheim am Main<\/h5>\n                  <\/div>\n                <\/div>\n              <\/div>\n            <\/div>\n          <\/div>\n        <\/div>\n      <\/div>\n      <div data-colibri-id=\"16-c38\" class=\"h-row-container gutters-row-lg-2 gutters-row-md-2 gutters-row-0 gutters-row-v-lg-2 gutters-row-v-md-2 gutters-row-v-2 style-403 style-local-16-c38 position-relative\">\n        <!---->\n        <div class=\"h-row justify-content-lg-center justify-content-md-center justify-content-center align-items-lg-stretch align-items-md-stretch align-items-stretch gutters-col-lg-2 gutters-col-md-2 gutters-col-0 gutters-col-v-lg-2 gutters-col-v-md-2 gutters-col-v-2\">\n          <!---->\n          <div class=\"h-column h-column-container d-flex h-col-lg-auto h-col-md-auto h-col-auto style-404-outer style-local-16-c39-outer\">\n            <div data-colibri-id=\"16-c39\" class=\"d-flex h-flex-basis h-column__inner h-px-lg-2 h-px-md-2 h-px-2 v-inner-lg-2 v-inner-md-2 v-inner-2 style-404 style-local-16-c39 position-relative\">\n              <!---->\n              <!---->\n              <div class=\"w-100 h-y-container h-column__content h-column__v-align flex-basis-100 align-self-lg-start align-self-md-start align-self-start\">\n                <!---->\n                <div data-colibri-id=\"16-c40\" class=\"h-x-container style-401 style-local-16-c40 position-relative h-element\">\n                  <!---->\n                  <div class=\"h-x-container-inner style-dynamic-16-c40-group style-401-spacing style-local-16-c40-spacing\"><span class=\"h-button__outer style-402-outer style-local-16-c41-outer d-inline-flex h-element\"><a h-use-smooth-scroll=\"true\" href=\"https:\/\/www.my-hammer.de\/auftragnehmer\/oeztokac-garten-und-landschaftsbau\/bewertungen?page=1\"  data-colibri-id=\"16-c41\" class=\"d-flex w-100 align-items-center h-button justify-content-lg-center justify-content-md-center justify-content-center style-402 style-local-16-c41 position-relative\"><!----><!----> <span>Mehr Referenzen<\/span><\/a>\n                    <\/span>\n                  <\/div>\n                <\/div>\n              <\/div>\n            <\/div>\n          <\/div>\n        <\/div>\n      <\/div>\n    <\/div>\n  <\/div>\n<\/div>","protected":false},"excerpt":{"rendered":"<p>Unsere Referenzen Das sagen unsere Kunden \u00fcber unsere Arbeit: Alles Super, Auftrag schneller ausgef\u00fchrt als in der vereinbarten Zeit, Arbeiten sehr sauber und fachm\u00e4nnisch, nettes Team W\u00fcrde ich nochmal nehmen\ufeff\ufeff Helmut, R\u00fcsselsheim am Main Bin sehr zufrieden alles wurde schnell und sachkundig erledigt. Herr \u00d6ztokac ist sehr freundlich und respektvoll alle Arbeiten wurden zu meiner [&hellip;]<\/p>\n","protected":false},"author":1,"featured_media":0,"parent":0,"menu_order":0,"comment_status":"closed","ping_status":"closed","template":"page-templates\/full-width-page.php","meta":{"om_disable_all_campaigns":false,"_monsterinsights_skip_tracking":false,"_monsterinsights_sitenote_active":false,"_monsterinsights_sitenote_note":"","_monsterinsights_sitenote_category":0,"footnotes":""},"aioseo_notices":[],"_links":{"self":[{"href":"https:\/\/galabau-oeztokac.de\/index.php\/wp-json\/wp\/v2\/pages\/16"}],"collection":[{"href":"https:\/\/galabau-oeztokac.de\/index.php\/wp-json\/wp\/v2\/pages"}],"about":[{"href":"https:\/\/galabau-oeztokac.de\/index.php\/wp-json\/wp\/v2\/types\/page"}],"author":[{"embeddable":true,"href":"https:\/\/galabau-oeztokac.de\/index.php\/wp-json\/wp\/v2\/users\/1"}],"replies":[{"embeddable":true,"href":"https:\/\/galabau-oeztokac.de\/index.php\/wp-json\/wp\/v2\/comments?post=16"}],"version-history":[{"count":3,"href":"https:\/\/galabau-oeztokac.de\/index.php\/wp-json\/wp\/v2\/pages\/16\/revisions"}],"predecessor-version":[{"id":210,"href":"https:\/\/galabau-oeztokac.de\/index.php\/wp-json\/wp\/v2\/pages\/16\/revisions\/210"}],"wp:attachment":[{"href":"https:\/\/galabau-oeztokac.de\/index.php\/wp-json\/wp\/v2\/media?parent=16"}],"curies":[{"name":"wp","href":"https:\/\/api.w.org\/{rel}","templated":true}]}}