{"id":303,"date":"2024-01-12T17:12:12","date_gmt":"2024-01-12T16:12:12","guid":{"rendered":"https:\/\/galabau-oeztokac.de\/?page_id=303"},"modified":"2024-09-23T18:20:13","modified_gmt":"2024-09-23T16:20:13","slug":"impressum-2","status":"publish","type":"page","link":"https:\/\/galabau-oeztokac.de\/index.php\/impressum-2\/","title":{"rendered":"Impressum"},"content":{"rendered":"<div data-colibri-id=\"303-c1\" class=\"style-450 style-local-303-c1 position-relative\">\n  <!---->\n  <div data-colibri-component=\"section\" data-colibri-id=\"303-c2\" id=\"custom\" class=\"h-section h-section-global-spacing d-flex align-items-lg-center align-items-md-center align-items-center style-451 style-local-303-c2 position-relative\">\n    <!---->\n    <!---->\n    <div class=\"h-section-grid-container h-section-boxed-container\">\n      <!---->\n      <div data-colibri-id=\"303-c3\" class=\"h-row-container gutters-row-lg-2 gutters-row-md-2 gutters-row-0 gutters-row-v-lg-2 gutters-row-v-md-2 gutters-row-v-2 style-454 style-local-303-c3 position-relative\">\n        <!---->\n        <div class=\"h-row justify-content-lg-center justify-content-md-center justify-content-center align-items-lg-stretch align-items-md-stretch align-items-stretch gutters-col-lg-2 gutters-col-md-2 gutters-col-0 gutters-col-v-lg-2 gutters-col-v-md-2 gutters-col-v-2\">\n          <!---->\n          <div class=\"h-column h-column-container d-flex h-col-lg-auto h-col-md-auto h-col-auto style-455-outer style-local-303-c4-outer\">\n            <div data-colibri-id=\"303-c4\" class=\"d-flex h-flex-basis h-column__inner h-px-lg-2 h-px-md-2 h-px-2 v-inner-lg-2 v-inner-md-2 v-inner-2 style-455 style-local-303-c4 position-relative\">\n              <!---->\n              <!---->\n              <div class=\"w-100 h-y-container h-column__content h-column__v-align flex-basis-100 align-self-lg-start align-self-md-start align-self-start\">\n                <!---->\n                <div data-colibri-id=\"303-c5\" class=\"h-text h-text-component style-456 style-local-303-c5 position-relative h-element\">\n                  <!---->\n                  <!---->\n                  <div class=\"\">\n                    <h2><strong>Angaben gem\u00e4\u00df \u00a7 5 TMG<\/strong><\/h2>\n                    <p>Sitz des Unternehmens:\n                      <br>65795 Hattersheim am Main\n                      <br>Parkstra\u00dfe 69<\/p>\n                    <p>Garten- und Landschaftsbau \u00d6ztokac<\/p>\n                    <p>Vertreten durch:\n                      <br>\u00d6ztokac Ali<\/p>\n                    <p>Kontakt&nbsp;\n                      <br>Mobil: 01575 \/ 5755 194\n                      <br>Telefon: 06145 \/ 344 7546\n                      <br>galabau.oeztokac@gmail.com<\/p>\n                    <p><strong>Verbraucherstreitbeilegung\/Universalschlichtungsstelle<\/strong>\n                      <br>Wir sind nicht bereit oder verpflichtet, an Streitbeilegungsverfahren vor einer\n                      <br>Verbraucherschlichtungsstelle teilzunehmen<\/p>\n                    <p>\n                      <br>\n                    <\/p>\n                    <h4>\n                      <br>\n                    <\/h4>\n                    <p>\n                      <br>\n                    <\/p>\n                  <\/div>\n                <\/div>\n              <\/div>\n            <\/div>\n          <\/div>\n        <\/div>\n      <\/div>\n      <div data-colibri-id=\"303-c6\" class=\"h-row-container gutters-row-lg-2 gutters-row-md-2 gutters-row-0 gutters-row-v-lg-2 gutters-row-v-md-2 gutters-row-v-2 style-452 style-local-303-c6 position-relative\">\n        <!---->\n        <div class=\"h-row justify-content-lg-center justify-content-md-center justify-content-center align-items-lg-stretch align-items-md-stretch align-items-stretch gutters-col-lg-2 gutters-col-md-2 gutters-col-0 gutters-col-v-lg-2 gutters-col-v-md-2 gutters-col-v-2\">\n          <!---->\n          <div class=\"h-column h-column-container d-flex h-col-lg-auto h-col-md-auto h-col-auto style-453-outer style-local-303-c7-outer\">\n            <div data-colibri-id=\"303-c7\" class=\"d-flex h-flex-basis h-column__inner h-ui-empty-state-container h-px-lg-2 h-px-md-2 h-px-2 v-inner-lg-2 v-inner-md-2 v-inner-2 style-453 style-local-303-c7 position-relative\">\n              <!---->\n              <!---->\n              <div class=\"w-100 h-y-container h-column__content h-column__v-align flex-basis-100\">\n                <!---->\n              <\/div>\n            <\/div>\n          <\/div>\n        <\/div>\n      <\/div>\n    <\/div>\n  <\/div>\n<\/div>","protected":false},"excerpt":{"rendered":"<p>Angaben gem\u00e4\u00df \u00a7 5 TMG Sitz des Unternehmens: 65795 Hattersheim am Main Parkstra\u00dfe 69 Garten- und Landschaftsbau \u00d6ztokac Vertreten durch: \u00d6ztokac Ali Kontakt&nbsp; Mobil: 01575 \/ 5755 194 Telefon: 06145 \/ 344 7546 galabau.oeztokac@gmail.com Verbraucherstreitbeilegung\/Universalschlichtungsstelle Wir sind nicht bereit oder verpflichtet, an Streitbeilegungsverfahren vor einer Verbraucherschlichtungsstelle teilzunehmen<\/p>\n","protected":false},"author":1,"featured_media":0,"parent":0,"menu_order":0,"comment_status":"closed","ping_status":"closed","template":"page-templates\/full-width-page.php","meta":{"om_disable_all_campaigns":false,"_monsterinsights_skip_tracking":false,"_monsterinsights_sitenote_active":false,"_monsterinsights_sitenote_note":"","_monsterinsights_sitenote_category":0,"footnotes":""},"aioseo_notices":[],"_links":{"self":[{"href":"https:\/\/galabau-oeztokac.de\/index.php\/wp-json\/wp\/v2\/pages\/303"}],"collection":[{"href":"https:\/\/galabau-oeztokac.de\/index.php\/wp-json\/wp\/v2\/pages"}],"about":[{"href":"https:\/\/galabau-oeztokac.de\/index.php\/wp-json\/wp\/v2\/types\/page"}],"author":[{"embeddable":true,"href":"https:\/\/galabau-oeztokac.de\/index.php\/wp-json\/wp\/v2\/users\/1"}],"replies":[{"embeddable":true,"href":"https:\/\/galabau-oeztokac.de\/index.php\/wp-json\/wp\/v2\/comments?post=303"}],"version-history":[{"count":4,"href":"https:\/\/galabau-oeztokac.de\/index.php\/wp-json\/wp\/v2\/pages\/303\/revisions"}],"predecessor-version":[{"id":367,"href":"https:\/\/galabau-oeztokac.de\/index.php\/wp-json\/wp\/v2\/pages\/303\/revisions\/367"}],"wp:attachment":[{"href":"https:\/\/galabau-oeztokac.de\/index.php\/wp-json\/wp\/v2\/media?parent=303"}],"curies":[{"name":"wp","href":"https:\/\/api.w.org\/{rel}","templated":true}]}}